{"id":483,"date":"2024-08-24T11:57:58","date_gmt":"2024-08-24T09:57:58","guid":{"rendered":"https:\/\/royal-smoke.ch\/?page_id=483"},"modified":"2024-08-26T14:47:37","modified_gmt":"2024-08-26T12:47:37","slug":"rules","status":"publish","type":"page","link":"https:\/\/royal-smoke.ch\/fr\/rules\/","title":{"rendered":"R\u00e8gles"},"content":{"rendered":"<p>[et_pb_section fb_built=&#8221;1&#8243; admin_label=&#8221;Header&#8221; _builder_version=&#8221;4.24.2&#8243; _module_preset=&#8221;default&#8221; collapsed=&#8221;on&#8221; global_colors_info=&#8221;{}&#8221;][et_pb_row column_structure=&#8221;1_3,1_3,1_3&#8243; _builder_version=&#8221;4.24.2&#8243; _module_preset=&#8221;default&#8221; max_width=&#8221;1280px&#8221; custom_padding=&#8221;||62px|||&#8221; global_colors_info=&#8221;{}&#8221;][et_pb_column type=&#8221;1_3&#8243; _builder_version=&#8221;4.24.2&#8243; _module_preset=&#8221;default&#8221; custom_padding=&#8221;60px||||false|false&#8221; custom_padding_tablet=&#8221;0px||||false|false&#8221; custom_padding_phone=&#8221;0px||||false|false&#8221; custom_padding_last_edited=&#8221;on|tablet&#8221; global_colors_info=&#8221;{}&#8221;][et_pb_text _builder_version=&#8221;4.27.0&#8243; _module_preset=&#8221;dc52ab77-5919-4209-9bc9-7c8593c2fcb5&#8243; header_4_text_color=&#8221;gcid-f97cece5-7be8-4f1e-9c80-b24cb8a333b3&#8243; locked=&#8221;off&#8221; global_colors_info=&#8221;{%22gcid-f97cece5-7be8-4f1e-9c80-b24cb8a333b3%22:%91%22header_4_text_color%22%93}&#8221;]<\/p>\n<h4>R\u00e8gles<\/h4>\n<p>[\/et_pb_text][et_pb_text _builder_version=&#8221;4.27.0&#8243; _module_preset=&#8221;f21b4e3e-0a2d-4844-b074-06a2551d8bdb&#8221; locked=&#8221;off&#8221; global_colors_info=&#8221;{}&#8221;]<\/p>\n<h1>Pr\u00eat pour jouer ?<\/h1>\n<p>[\/et_pb_text][et_pb_button button_url=&#8221;@ET-DC@eyJkeW5hbWljIjp0cnVlLCJjb250ZW50IjoicG9zdF9saW5rX3VybF9wYWdlIiwic2V0dGluZ3MiOnsicG9zdF9pZCI6IjI5OSJ9fQ==@&#8221; button_text=&#8221;Go to shop !&#8221; _builder_version=&#8221;4.27.0&#8243; _dynamic_attributes=&#8221;button_url&#8221; _module_preset=&#8221;104e68f9-1ed4-4722-a881-0c9b497f6ebe&#8221; locked=&#8221;off&#8221; global_colors_info=&#8221;{}&#8221;][\/et_pb_button][\/et_pb_column][et_pb_column type=&#8221;1_3&#8243; _builder_version=&#8221;4.24.2&#8243; _module_preset=&#8221;default&#8221; background_color=&#8221;gcid-eba9b965-b9f9-43f5-b7e8-a0591766089f&#8221; background_image=&#8221;https:\/\/royal-smoke.ch\/wp-content\/uploads\/2024\/08\/virtual-courses-illustration-02@2x.png&#8221; parallax=&#8221;on&#8221; overflow-x=&#8221;visible&#8221; overflow-y=&#8221;visible&#8221; custom_padding=&#8221;20%|||20px|false|false&#8221; custom_padding_tablet=&#8221;20%|||20px|false|false&#8221; custom_padding_phone=&#8221;20%|||20px|false|false&#8221; custom_padding_last_edited=&#8221;on|tablet&#8221; border_radii=&#8221;on|10px|10px|10px|10px&#8221; global_colors_info=&#8221;{%22gcid-eba9b965-b9f9-43f5-b7e8-a0591766089f%22:%91%22background_color%22,%22background_color%22%93}&#8221;][et_pb_image src=&#8221;https:\/\/royal-smoke.ch\/wp-content\/uploads\/2024\/08\/jeu-de-plateau-3.png&#8221; alt=&#8221;Royal-Smoke | ODW Games &#8211; \u00aesurang &#8221; title_text=&#8221;Royal-Smoke | ODW Games &#8211; \u00aesurang &#8221; _builder_version=&#8221;4.27.0&#8243; _module_preset=&#8221;default&#8221; custom_margin=&#8221;|-30px||20px|false|false&#8221; custom_margin_tablet=&#8221;|-5%|||false|false&#8221; custom_margin_phone=&#8221;|0px|||false|false&#8221; custom_margin_last_edited=&#8221;on|tablet&#8221; border_radii=&#8221;on|5px|5px|5px|5px&#8221; global_colors_info=&#8221;{}&#8221;][\/et_pb_image][\/et_pb_column][et_pb_column type=&#8221;1_3&#8243; _builder_version=&#8221;4.24.2&#8243; _module_preset=&#8221;default&#8221; background_color=&#8221;gcid-f97cece5-7be8-4f1e-9c80-b24cb8a333b3&#8243; transform_scale_tablet=&#8221;&#8221; transform_scale_phone=&#8221;&#8221; transform_scale_last_edited=&#8221;on|desktop&#8221; transform_translate=&#8221;0px|60px&#8221; transform_translate_tablet=&#8221;0px|0px&#8221; transform_translate_phone=&#8221;0px|0px&#8221; transform_translate_last_edited=&#8221;on|desktop&#8221; transform_translate_linked=&#8221;off&#8221; transform_rotate_tablet=&#8221;&#8221; transform_rotate_phone=&#8221;&#8221; transform_rotate_last_edited=&#8221;on|desktop&#8221; transform_skew_tablet=&#8221;&#8221; transform_skew_phone=&#8221;&#8221; transform_skew_last_edited=&#8221;on|desktop&#8221; transform_origin_tablet=&#8221;&#8221; transform_origin_phone=&#8221;&#8221; transform_origin_last_edited=&#8221;on|desktop&#8221; transform_styles_last_edited=&#8221;on|desktop&#8221; overflow-x=&#8221;visible&#8221; overflow-y=&#8221;visible&#8221; custom_padding=&#8221;10%|||40px|false|false&#8221; custom_padding_tablet=&#8221;||||true|false&#8221; custom_padding_phone=&#8221;10px|||10px|false|false&#8221; custom_padding_last_edited=&#8221;on|desktop&#8221; transform_styles_tablet=&#8221;&#8221; transform_styles_phone=&#8221;&#8221; border_radii=&#8221;on|10px|10px|10px|10px&#8221; global_colors_info=&#8221;{%22gcid-f97cece5-7be8-4f1e-9c80-b24cb8a333b3%22:%91%22background_color%22%93}&#8221;][et_pb_image src=&#8221;https:\/\/royal-smoke.ch\/wp-content\/uploads\/2024\/08\/openart-image_x_tKWJ1N_1723970316820_raw.jpg&#8221; alt=&#8221;Royal-Smoke | ODW Games&#8221; title_text=&#8221;Royal-Smoke | ODW Games&#8221; _builder_version=&#8221;4.27.0&#8243; _module_preset=&#8221;default&#8221; global_colors_info=&#8221;{}&#8221; custom_margin=&#8221;|||-59px||&#8221;][\/et_pb_image][\/et_pb_column][\/et_pb_row][\/et_pb_section][et_pb_section fb_built=&#8221;1&#8243; admin_label=&#8221;Features&#8221; _builder_version=&#8221;4.21.0&#8243; _module_preset=&#8221;default&#8221; custom_padding=&#8221;24px|||||&#8221; collapsed=&#8221;on&#8221; global_colors_info=&#8221;{}&#8221;][et_pb_row column_structure=&#8221;1_3,1_3,1_3&#8243; _builder_version=&#8221;4.24.2&#8243; _module_preset=&#8221;default&#8221; max_width=&#8221;1280px&#8221; global_colors_info=&#8221;{}&#8221;][et_pb_column type=&#8221;1_3&#8243; _builder_version=&#8221;4.21.0&#8243; _module_preset=&#8221;default&#8221; global_colors_info=&#8221;{}&#8221;][et_pb_image src=&#8221;https:\/\/royal-smoke.ch\/wp-content\/uploads\/2024\/08\/trapeze.png&#8221; alt=&#8221;Royal-Smoke | ODW Games&#8221; title_text=&#8221;Royal-Smoke | ODW Games&#8221; _builder_version=&#8221;4.27.0&#8243; _module_preset=&#8221;default&#8221; max_width=&#8221;64px&#8221; max_height=&#8221;64px&#8221; custom_margin=&#8221;||20px||false|false&#8221; global_colors_info=&#8221;{}&#8221;][\/et_pb_image][et_pb_text _builder_version=&#8221;4.27.0&#8243; _module_preset=&#8221;789faba0-0ac2-4494-a228-cbf390305859&#8243; global_colors_info=&#8221;{}&#8221;]<\/p>\n<h3>1. Choisis un pion<\/h3>\n<p>[\/et_pb_text][et_pb_text _builder_version=&#8221;4.27.0&#8243; _module_preset=&#8221;3f185a79-56f8-44eb-961a-9015649b392b&#8221; global_colors_info=&#8221;{}&#8221;]<\/p>\n<p class=\"p1\">Choisis ton pion !<\/p>\n<p class=\"p1\">Place-le sur START<\/p>\n<p>[\/et_pb_text][\/et_pb_column][et_pb_column type=&#8221;1_3&#8243; _builder_version=&#8221;4.21.0&#8243; _module_preset=&#8221;default&#8221; global_colors_info=&#8221;{}&#8221;][et_pb_image src=&#8221;https:\/\/royal-smoke.ch\/wp-content\/uploads\/2024\/08\/jeu-de-plateau.png&#8221; alt=&#8221;Royal-Smoke | ODW Games &#8211; \u00aeReion&#8221; title_text=&#8221;Royal-Smoke | ODW Games &#8211; \u00aeReion&#8221; _builder_version=&#8221;4.27.0&#8243; _module_preset=&#8221;default&#8221; max_width=&#8221;64px&#8221; max_height=&#8221;64px&#8221; custom_margin=&#8221;||20px||false|false&#8221; global_colors_info=&#8221;{}&#8221;][\/et_pb_image][et_pb_text _builder_version=&#8221;4.27.0&#8243; _module_preset=&#8221;789faba0-0ac2-4494-a228-cbf390305859&#8243; global_colors_info=&#8221;{}&#8221;]<\/p>\n<h3>2. Pr\u00e9pare le jeu<\/h3>\n<p>[\/et_pb_text][et_pb_text _builder_version=&#8221;4.27.0&#8243; _module_preset=&#8221;3f185a79-56f8-44eb-961a-9015649b392b&#8221; global_colors_info=&#8221;{}&#8221;]<\/p>\n<p class=\"p1\">Roule 4 joints<\/p>\n<p class=\"p1\">Place un briquet<\/p>\n<p class=\"p1\">Place un cendrier<\/p>\n<p>[\/et_pb_text][\/et_pb_column][et_pb_column type=&#8221;1_3&#8243; _builder_version=&#8221;4.21.0&#8243; _module_preset=&#8221;default&#8221; global_colors_info=&#8221;{}&#8221;][et_pb_image src=&#8221;https:\/\/royal-smoke.ch\/wp-content\/uploads\/2024\/08\/contour-de-cube-de-des.png&#8221; alt=&#8221;Royal-Smoke | ODW Games &#8211; \u00aeFreepik&#8221; title_text=&#8221;Royal-Smoke | ODW Games &#8211; \u00aeFreepik&#8221; _builder_version=&#8221;4.27.0&#8243; _module_preset=&#8221;default&#8221; max_width=&#8221;64px&#8221; max_height=&#8221;64px&#8221; custom_margin=&#8221;||20px||false|false&#8221; global_colors_info=&#8221;{}&#8221;][\/et_pb_image][et_pb_text _builder_version=&#8221;4.27.0&#8243; _module_preset=&#8221;789faba0-0ac2-4494-a228-cbf390305859&#8243; global_colors_info=&#8221;{}&#8221;]<\/p>\n<h3>3. Lance le d\u00e9<\/h3>\n<p>[\/et_pb_text][et_pb_text _builder_version=&#8221;4.27.0&#8243; _module_preset=&#8221;3f185a79-56f8-44eb-961a-9015649b392b&#8221; global_colors_info=&#8221;{}&#8221;]<\/p>\n<p class=\"p1\">Lance le d\u00e9<\/p>\n<p class=\"p1\">D\u00e9place ton pion selon le chiffre indiqu\u00e9 sur le d\u00e9<\/p>\n<p class=\"p1\">Passe le d\u00e9 dans le sens des aiguilles d'une montre<\/p>\n<p>[\/et_pb_text][\/et_pb_column][\/et_pb_row][et_pb_row column_structure=&#8221;1_3,1_3,1_3&#8243; _builder_version=&#8221;4.24.2&#8243; _module_preset=&#8221;default&#8221; max_width=&#8221;1280px&#8221; global_colors_info=&#8221;{}&#8221;][et_pb_column type=&#8221;1_3&#8243; _builder_version=&#8221;4.21.0&#8243; _module_preset=&#8221;default&#8221; global_colors_info=&#8221;{}&#8221;][et_pb_image src=&#8221;https:\/\/royal-smoke.ch\/wp-content\/uploads\/2024\/08\/etoile.png&#8221; alt=&#8221;Royal-Smoke | ODW Games &#8211; \u00aeYlivdesign&#8221; title_text=&#8221;Royal-Smoke | ODW Games &#8211; \u00aeYlivdesign&#8221; _builder_version=&#8221;4.27.0&#8243; _module_preset=&#8221;default&#8221; max_width=&#8221;64px&#8221; max_height=&#8221;64px&#8221; custom_margin=&#8221;||20px||false|false&#8221; global_colors_info=&#8221;{}&#8221;][\/et_pb_image][et_pb_text _builder_version=&#8221;4.27.0&#8243; _module_preset=&#8221;789faba0-0ac2-4494-a228-cbf390305859&#8243; global_colors_info=&#8221;{}&#8221;]<\/p>\n<h3>4. Raccourci magique<\/h3>\n<p>[\/et_pb_text][et_pb_text _builder_version=&#8221;4.27.0&#8243; _module_preset=&#8221;3f185a79-56f8-44eb-961a-9015649b392b&#8221; global_colors_info=&#8221;{}&#8221;]<\/p>\n<p class=\"p1\"><strong>R\u00c8GLE EXTRA<\/strong><\/p>\n<p class=\"p1\">Si le d\u00e9 tombe sur 6<\/p>\n<p class=\"p1\">va \u00e0 la prochaine \u00e9toile<\/p>\n<p>[\/et_pb_text][\/et_pb_column][et_pb_column type=&#8221;1_3&#8243; _builder_version=&#8221;4.21.0&#8243; _module_preset=&#8221;default&#8221; global_colors_info=&#8221;{}&#8221;][et_pb_image src=&#8221;https:\/\/royal-smoke.ch\/wp-content\/uploads\/2024\/08\/oeil.png&#8221; alt=&#8221;Royal-Smoke | ODW Games &#8211; \u00aehqrloveq&#8221; title_text=&#8221;Royal-Smoke | ODW Games &#8211; \u00aehqrloveq&#8221; _builder_version=&#8221;4.27.0&#8243; _module_preset=&#8221;default&#8221; max_width=&#8221;64px&#8221; max_height=&#8221;64px&#8221; custom_margin=&#8221;||20px||false|false&#8221; global_colors_info=&#8221;{}&#8221;][\/et_pb_image][et_pb_text _builder_version=&#8221;4.27.0&#8243; _module_preset=&#8221;789faba0-0ac2-4494-a228-cbf390305859&#8243; global_colors_info=&#8221;{}&#8221;]<\/p>\n<h3>5. Niveau expert<\/h3>\n<p>[\/et_pb_text][et_pb_text _builder_version=&#8221;4.27.0&#8243; _module_preset=&#8221;3f185a79-56f8-44eb-961a-9015649b392b&#8221; global_colors_info=&#8221;{}&#8221;]<\/p>\n<p class=\"p1\"><strong>R\u00c8GLE EXTRA<\/strong><\/p>\n<p class=\"p1\">Si tu tombes sur une case avec l\u2019oeil rouge,<\/p>\n<p class=\"p1\">Prends 2 bouff\u00e9es<\/p>\n<p>[\/et_pb_text][\/et_pb_column][et_pb_column type=&#8221;1_3&#8243; _builder_version=&#8221;4.21.0&#8243; _module_preset=&#8221;default&#8221; global_colors_info=&#8221;{}&#8221;][et_pb_image src=&#8221;https:\/\/royal-smoke.ch\/wp-content\/uploads\/2024\/08\/prix.png&#8221; alt=&#8221;Royal-Smoke | ODW Games &#8211; \u00aeFreepik&#8221; title_text=&#8221;Royal-Smoke | ODW Games &#8211; \u00aeFreepik&#8221; _builder_version=&#8221;4.27.0&#8243; _module_preset=&#8221;default&#8221; max_width=&#8221;64px&#8221; max_height=&#8221;64px&#8221; custom_margin=&#8221;||20px||false|false&#8221; global_colors_info=&#8221;{}&#8221;][\/et_pb_image][et_pb_text _builder_version=&#8221;4.27.0&#8243; _module_preset=&#8221;789faba0-0ac2-4494-a228-cbf390305859&#8243; global_colors_info=&#8221;{}&#8221;]<\/p>\n<h3>6. Comment gagner ?<\/h3>\n<p>[\/et_pb_text][et_pb_text _builder_version=&#8221;4.27.0&#8243; _module_preset=&#8221;3f185a79-56f8-44eb-961a-9015649b392b&#8221; global_colors_info=&#8221;{}&#8221;]<\/p>\n<p>Tu dois atterrir sur la game pour terminer le jeu !<\/p>\n<p>[\/et_pb_text][\/et_pb_column][\/et_pb_row][et_pb_row column_structure=&#8221;1_3,1_3,1_3&#8243; _builder_version=&#8221;4.24.2&#8243; _module_preset=&#8221;default&#8221; max_width=&#8221;1280px&#8221; global_colors_info=&#8221;{}&#8221;][et_pb_column type=&#8221;1_3&#8243; _builder_version=&#8221;4.21.0&#8243; _module_preset=&#8221;default&#8221; global_colors_info=&#8221;{}&#8221;][et_pb_image src=&#8221;https:\/\/royal-smoke.ch\/wp-content\/uploads\/2024\/08\/question.png&#8221; alt=&#8221;Royal-Smoke | ODW Games &#8211; \u00aeElement Warehouse&#8221; title_text=&#8221;Royal-Smoke | ODW Games &#8211; \u00aeElement Warehouse&#8221; _builder_version=&#8221;4.27.0&#8243; _module_preset=&#8221;default&#8221; max_width=&#8221;64px&#8221; max_height=&#8221;64px&#8221; custom_margin=&#8221;||20px||false|false&#8221; global_colors_info=&#8221;{}&#8221;][\/et_pb_image][et_pb_text _builder_version=&#8221;4.27.0&#8243; _module_preset=&#8221;789faba0-0ac2-4494-a228-cbf390305859&#8243; global_colors_info=&#8221;{}&#8221;]<\/p>\n<h3>7. Je n'ai jamais ...<\/h3>\n<p>[\/et_pb_text][et_pb_text _builder_version=&#8221;4.27.0&#8243; _module_preset=&#8221;3f185a79-56f8-44eb-961a-9015649b392b&#8221; global_colors_info=&#8221;{}&#8221;]<\/p>\n<p>Dis : Je n'ai jamais : \u2026..<\/p>\n<p>Si tu as d\u00e9j\u00e0, prends une bouff\u00e9e !<\/p>\n<p>[\/et_pb_text][\/et_pb_column][et_pb_column type=&#8221;1_3&#8243; _builder_version=&#8221;4.21.0&#8243; _module_preset=&#8221;default&#8221; global_colors_info=&#8221;{}&#8221;][\/et_pb_column][et_pb_column type=&#8221;1_3&#8243; _builder_version=&#8221;4.21.0&#8243; _module_preset=&#8221;default&#8221; global_colors_info=&#8221;{}&#8221;][\/et_pb_column][\/et_pb_row][\/et_pb_section][et_pb_section fb_built=&#8221;1&#8243; admin_label=&#8221;Footer&#8221; _builder_version=&#8221;4.24.2&#8243; _module_preset=&#8221;default&#8221; saved_tabs=&#8221;all&#8221; collapsed=&#8221;on&#8221; global_colors_info=&#8221;{}&#8221;][et_pb_row column_structure=&#8221;1_2,1_2&#8243; make_equal=&#8221;on&#8221; _builder_version=&#8221;4.24.2&#8243; _module_preset=&#8221;default&#8221; background_color=&#8221;gcid-eba9b965-b9f9-43f5-b7e8-a0591766089f&#8221; background_position=&#8221;center_right&#8221; max_width=&#8221;1280px&#8221; overflow-x=&#8221;visible&#8221; overflow-y=&#8221;visible&#8221; custom_margin=&#8221;||30px||false|false&#8221; custom_padding=&#8221;0px||0px||true|false&#8221; border_radii=&#8221;on|10px|10px|10px|10px&#8221; global_colors_info=&#8221;{%22gcid-eba9b965-b9f9-43f5-b7e8-a0591766089f%22:%91%22background_color%22%93}&#8221;][et_pb_column type=&#8221;1_2&#8243; _builder_version=&#8221;4.21.0&#8243; _module_preset=&#8221;default&#8221; custom_padding=&#8221;60px|60px|60px|60px|true|true&#8221; custom_padding_tablet=&#8221;30px|30px|30px|30px|true|true&#8221; custom_padding_phone=&#8221;20px|20px|20px|20px|true|true&#8221; custom_padding_last_edited=&#8221;on|tablet&#8221; global_colors_info=&#8221;{}&#8221;][et_pb_text _builder_version=&#8221;4.27.0&#8243; _module_preset=&#8221;3f3f9979-e8e5-48d6-b2de-002712701f97&#8243; header_2_text_color=&#8221;#000000&#8243; custom_margin=&#8221;||10px||false|false&#8221; global_colors_info=&#8221;{}&#8221;]<\/p>\n<h2>Acheter le jeu<\/h2>\n<p>[\/et_pb_text][et_pb_text _builder_version=&#8221;4.27.0&#8243; _module_preset=&#8221;3f185a79-56f8-44eb-961a-9015649b392b&#8221; text_text_color=&#8221;#000000&#8243; global_colors_info=&#8221;{}&#8221;]<\/p>\n<p><strong>Royal Smoke<\/strong><span>\u00a0<\/span>est un jeu de table pour adultes<\/p>\n<p>Le jeu est disponible en Anglais et en Fran\u00e7ais<\/p>\n<p>Vous allez entrer dans un monde d'activit\u00e9s, de t\u00e2ches et de divertissement tout en profitant d'un joint avec vos amis.<\/p>\n<p>Ceci est un jeu d'int\u00e9rieur.\u00a0<\/p>\n<p>[\/et_pb_text][et_pb_button button_url=&#8221;@ET-DC@eyJkeW5hbWljIjp0cnVlLCJjb250ZW50IjoicG9zdF9saW5rX3VybF9wYWdlIiwic2V0dGluZ3MiOnsicG9zdF9pZCI6IjI5OSJ9fQ==@&#8221; button_text=&#8221;Go to shop !&#8221; _builder_version=&#8221;4.27.0&#8243; _dynamic_attributes=&#8221;button_url&#8221; _module_preset=&#8221;104e68f9-1ed4-4722-a881-0c9b497f6ebe&#8221; global_colors_info=&#8221;{}&#8221;][\/et_pb_button][\/et_pb_column][et_pb_column type=&#8221;1_2&#8243; _builder_version=&#8221;4.22.0&#8243; _module_preset=&#8221;default&#8221; global_colors_info=&#8221;{}&#8221;][et_pb_image src=&#8221;https:\/\/royal-smoke.ch\/wp-content\/uploads\/2024\/08\/openart-image_x_tKWJ1N_1723970316820_raw.jpg&#8221; alt=&#8221;Royal-Smoke | ODW Games&#8221; title_text=&#8221;Royal-Smoke | ODW Games&#8221; _builder_version=&#8221;4.27.0&#8243; _module_preset=&#8221;default&#8221; positioning=&#8221;absolute&#8221; position_origin_a=&#8221;bottom_left&#8221; position_origin_a_tablet=&#8221;&#8221; position_origin_a_phone=&#8221;&#8221; position_origin_a_last_edited=&#8221;on|tablet&#8221; position_origin_f_tablet=&#8221;&#8221; position_origin_f_phone=&#8221;&#8221; position_origin_f_last_edited=&#8221;on|tablet&#8221; position_origin_r_tablet=&#8221;&#8221; position_origin_r_phone=&#8221;&#8221; position_origin_r_last_edited=&#8221;on|tablet&#8221; width=&#8221;100%&#8221; scroll_horizontal_motion_enable=&#8221;on&#8221; scroll_horizontal_motion=&#8221;0|100|100|100|-0.5|0|0&#8243; positioning_tablet=&#8221;none&#8221; positioning_phone=&#8221;&#8221; positioning_last_edited=&#8221;on|tablet&#8221; global_colors_info=&#8221;{}&#8221; custom_margin=&#8221;34px||-44px|87px||&#8221;][\/et_pb_image][\/et_pb_column][\/et_pb_row][\/et_pb_section]<\/p>","protected":false},"excerpt":{"rendered":"<p>RulesReady to play ?1. Choose a tokenSelect your colored joint holder ! Place it on START2. Prepare the gameRoll 4 joints Place a lighter Place an ashtray3. roll the dieRoll the die Move your joint holder accordingly Pass the die clockwise4. Magic shortcutEXTRA RULE If the die shows 6 move to the next star5. Level [&hellip;]<\/p>","protected":false},"author":1,"featured_media":0,"parent":0,"menu_order":0,"comment_status":"closed","ping_status":"closed","template":"","meta":{"_et_pb_use_builder":"on","_et_pb_old_content":"","_et_gb_content_width":"","footnotes":""},"class_list":["post-483","page","type-page","status-publish","hentry"],"_links":{"self":[{"href":"https:\/\/royal-smoke.ch\/fr\/wp-json\/wp\/v2\/pages\/483","targetHints":{"allow":["GET"]}}],"collection":[{"href":"https:\/\/royal-smoke.ch\/fr\/wp-json\/wp\/v2\/pages"}],"about":[{"href":"https:\/\/royal-smoke.ch\/fr\/wp-json\/wp\/v2\/types\/page"}],"author":[{"embeddable":true,"href":"https:\/\/royal-smoke.ch\/fr\/wp-json\/wp\/v2\/users\/1"}],"replies":[{"embeddable":true,"href":"https:\/\/royal-smoke.ch\/fr\/wp-json\/wp\/v2\/comments?post=483"}],"version-history":[{"count":5,"href":"https:\/\/royal-smoke.ch\/fr\/wp-json\/wp\/v2\/pages\/483\/revisions"}],"predecessor-version":[{"id":522,"href":"https:\/\/royal-smoke.ch\/fr\/wp-json\/wp\/v2\/pages\/483\/revisions\/522"}],"wp:attachment":[{"href":"https:\/\/royal-smoke.ch\/fr\/wp-json\/wp\/v2\/media?parent=483"}],"curies":[{"name":"wp","href":"https:\/\/api.w.org\/{rel}","templated":true}]}}